{"id":923,"date":"2023-06-02T14:02:26","date_gmt":"2023-06-02T14:59:00","guid":{"rendered":"https:\/\/fabricastoantonio.com\/shop\/uncategorized\/doce-de-papaia-e-maracuja-250g\/"},"modified":"2023-07-28T09:55:30","modified_gmt":"2023-07-28T09:55:30","slug":"papaya-passion-fruit-jam-250g","status":"publish","type":"product","link":"https:\/\/fabricastoantonio.com\/en\/produtos-fsa\/papaya-passion-fruit-jam-250g\/","title":{"rendered":"Papaya and Passion Fruit Jam 250g"},"content":{"rendered":"<p>The perfect combination of Madeira\u2019s Papaya and Passion fruit, 100% natural. Creamy and tropical, rich fragrance of Papaya and warm flavour. With seeds. Spread on scones, toast, croissants or on our Classic biscuits. Be creative and try it as a topping to your favourite desserts or even to enhance your sauces. For a special and unique experience try 1-2 tsp in natural yogurt.<\/p>\n","protected":false},"excerpt":{"rendered":"<p>Papaya (55%), Passion fruit (3%), lemon juice, sugar, pectin, citric acid, sodium benzoate (E211).<\/p>\n","protected":false},"featured_media":1070,"comment_status":"open","ping_status":"closed","template":"","meta":[],"product_brand":[],"product_cat":[102],"product_tag":[114,115,128,129,116],"class_list":{"0":"post-923","1":"product","2":"type-product","3":"status-publish","4":"has-post-thumbnail","6":"product_cat-jams-en","7":"product_tag-compotes","8":"product_tag-jams-en","9":"product_tag-papaya","10":"product_tag-papaya-and-passion-fruit","11":"product_tag-passion-fruit-en","13":"first","14":"instock","15":"taxable","16":"shipping-taxable","17":"product-type-simple"},"yoast_head":"<!-- This site is optimized with the Yoast SEO plugin v26.8 - https:\/\/yoast.com\/product\/yoast-seo-wordpress\/ -->\n<title>Papaya and Passion Fruit Jam 250g - F\u00e1brica Santo Ant\u00f3nio - Manufatura Madeirense Est. 1893<\/title>\n<meta name=\"description\" content=\"The perfect combination of Madeira\u2019s Papaya and Passion fruit, 100% natural. Creamy and tropical. F\u00e1brica Santo Ant\u00f3nio - Manufatura Madeirense Est. 1893\" \/>\n<meta name=\"robots\" content=\"index, follow, max-snippet:-1, max-image-preview:large, max-video-preview:-1\" \/>\n<link rel=\"canonical\" href=\"https:\/\/fabricastoantonio.com\/en\/produtos-fsa\/papaya-passion-fruit-jam-250g\/\" \/>\n<meta name=\"twitter:card\" content=\"summary_large_image\" \/>\n<meta name=\"twitter:title\" content=\"Papaya and Passion Fruit Jam 250g - F\u00e1brica Santo Ant\u00f3nio - Manufatura Madeirense Est. 1893\" \/>\n<meta name=\"twitter:description\" content=\"The perfect combination of Madeira\u2019s Papaya and Passion fruit, 100% natural. Creamy and tropical. F\u00e1brica Santo Ant\u00f3nio - Manufatura Madeirense Est. 1893\" \/>\n<meta name=\"twitter:image\" content=\"https:\/\/fabricastoantonio.com\/wp-site\/wp-content\/uploads\/2023\/06\/1080-papaia-maracuja.webp\" \/>\n<meta name=\"twitter:label1\" content=\"Est. reading time\" \/>\n\t<meta name=\"twitter:data1\" content=\"1 minute\" \/>\n<script type=\"application\/ld+json\" class=\"yoast-schema-graph\">{\"@context\":\"https:\/\/schema.org\",\"@graph\":[{\"@type\":\"WebPage\",\"@id\":\"https:\/\/fabricastoantonio.com\/en\/produtos-fsa\/papaya-passion-fruit-jam-250g\/\",\"url\":\"https:\/\/fabricastoantonio.com\/en\/produtos-fsa\/papaya-passion-fruit-jam-250g\/\",\"name\":\"Papaya and Passion Fruit Jam 250g - F\u00e1brica Santo Ant\u00f3nio - Manufatura Madeirense Est. 1893\",\"isPartOf\":{\"@id\":\"https:\/\/fabricastoantonio.com\/en\/#website\"},\"primaryImageOfPage\":{\"@id\":\"https:\/\/fabricastoantonio.com\/en\/produtos-fsa\/papaya-passion-fruit-jam-250g\/#primaryimage\"},\"image\":{\"@id\":\"https:\/\/fabricastoantonio.com\/en\/produtos-fsa\/papaya-passion-fruit-jam-250g\/#primaryimage\"},\"thumbnailUrl\":\"https:\/\/fabricastoantonio.com\/wp-site\/wp-content\/uploads\/2023\/06\/1080-papaia-maracuja.webp\",\"datePublished\":\"2023-06-02T14:59:00+00:00\",\"dateModified\":\"2023-07-28T09:55:30+00:00\",\"description\":\"The perfect combination of Madeira\u2019s Papaya and Passion fruit, 100% natural. Creamy and tropical. F\u00e1brica Santo Ant\u00f3nio - Manufatura Madeirense Est. 1893\",\"breadcrumb\":{\"@id\":\"https:\/\/fabricastoantonio.com\/en\/produtos-fsa\/papaya-passion-fruit-jam-250g\/#breadcrumb\"},\"inLanguage\":\"en-US\",\"potentialAction\":[{\"@type\":\"ReadAction\",\"target\":[\"https:\/\/fabricastoantonio.com\/en\/produtos-fsa\/papaya-passion-fruit-jam-250g\/\"]}]},{\"@type\":\"ImageObject\",\"inLanguage\":\"en-US\",\"@id\":\"https:\/\/fabricastoantonio.com\/en\/produtos-fsa\/papaya-passion-fruit-jam-250g\/#primaryimage\",\"url\":\"https:\/\/fabricastoantonio.com\/wp-site\/wp-content\/uploads\/2023\/06\/1080-papaia-maracuja.webp\",\"contentUrl\":\"https:\/\/fabricastoantonio.com\/wp-site\/wp-content\/uploads\/2023\/06\/1080-papaia-maracuja.webp\",\"width\":1080,\"height\":1080,\"caption\":\"Doce de Papaia e maracuj\u00e1\"},{\"@type\":\"BreadcrumbList\",\"@id\":\"https:\/\/fabricastoantonio.com\/en\/produtos-fsa\/papaya-passion-fruit-jam-250g\/#breadcrumb\",\"itemListElement\":[{\"@type\":\"ListItem\",\"position\":1,\"name\":\"In\u00edcio\",\"item\":\"https:\/\/fabricastoantonio.com\/en\/\"},{\"@type\":\"ListItem\",\"position\":2,\"name\":\"Produtos\",\"item\":\"https:\/\/fabricastoantonio.com\/en\/produtos-fsa\/\"},{\"@type\":\"ListItem\",\"position\":3,\"name\":\"Papaya and Passion Fruit Jam 250g\"}]},{\"@type\":\"WebSite\",\"@id\":\"https:\/\/fabricastoantonio.com\/en\/#website\",\"url\":\"https:\/\/fabricastoantonio.com\/en\/\",\"name\":\"F\u00e1brica Santo Ant\u00f3nio - Manufatura Madeirense Est. 1893\",\"description\":\"Do\u00e7aria tradicional  Madeirense: Bolo de Mel de Cana, Broas e Biscoitos, Compotas de Fruta, Rebu\u00e7ados Tradicionais.\",\"publisher\":{\"@id\":\"https:\/\/fabricastoantonio.com\/en\/#organization\"},\"potentialAction\":[{\"@type\":\"SearchAction\",\"target\":{\"@type\":\"EntryPoint\",\"urlTemplate\":\"https:\/\/fabricastoantonio.com\/en\/?s={search_term_string}\"},\"query-input\":{\"@type\":\"PropertyValueSpecification\",\"valueRequired\":true,\"valueName\":\"search_term_string\"}}],\"inLanguage\":\"en-US\"},{\"@type\":\"Organization\",\"@id\":\"https:\/\/fabricastoantonio.com\/en\/#organization\",\"name\":\"F\u00e1brica Santo Ant\u00f3nio\",\"url\":\"https:\/\/fabricastoantonio.com\/en\/\",\"logo\":{\"@type\":\"ImageObject\",\"inLanguage\":\"en-US\",\"@id\":\"https:\/\/fabricastoantonio.com\/en\/#\/schema\/logo\/image\/\",\"url\":\"https:\/\/fabricastoantonio.com\/wp-site\/wp-content\/uploads\/2022\/01\/logo-fsa-complete-version.png\",\"contentUrl\":\"https:\/\/fabricastoantonio.com\/wp-site\/wp-content\/uploads\/2022\/01\/logo-fsa-complete-version.png\",\"width\":700,\"height\":379,\"caption\":\"F\u00e1brica Santo Ant\u00f3nio\"},\"image\":{\"@id\":\"https:\/\/fabricastoantonio.com\/en\/#\/schema\/logo\/image\/\"},\"sameAs\":[\"https:\/\/www.facebook.com\/fabricasto.antonio\",\"https:\/\/www.instagram.com\/fabrica.sto.antonio\/\"]}]}<\/script>\n<!-- \/ Yoast SEO plugin. -->","yoast_head_json":{"title":"Papaya and Passion Fruit Jam 250g - F\u00e1brica Santo Ant\u00f3nio - Manufatura Madeirense Est. 1893","description":"The perfect combination of Madeira\u2019s Papaya and Passion fruit, 100% natural. Creamy and tropical. F\u00e1brica Santo Ant\u00f3nio - Manufatura Madeirense Est. 1893","robots":{"index":"index","follow":"follow","max-snippet":"max-snippet:-1","max-image-preview":"max-image-preview:large","max-video-preview":"max-video-preview:-1"},"canonical":"https:\/\/fabricastoantonio.com\/en\/produtos-fsa\/papaya-passion-fruit-jam-250g\/","twitter_card":"summary_large_image","twitter_title":"Papaya and Passion Fruit Jam 250g - F\u00e1brica Santo Ant\u00f3nio - Manufatura Madeirense Est. 1893","twitter_description":"The perfect combination of Madeira\u2019s Papaya and Passion fruit, 100% natural. Creamy and tropical. F\u00e1brica Santo Ant\u00f3nio - Manufatura Madeirense Est. 1893","twitter_image":"https:\/\/fabricastoantonio.com\/wp-site\/wp-content\/uploads\/2023\/06\/1080-papaia-maracuja.webp","twitter_misc":{"Est. reading time":"1 minute"},"schema":{"@context":"https:\/\/schema.org","@graph":[{"@type":"WebPage","@id":"https:\/\/fabricastoantonio.com\/en\/produtos-fsa\/papaya-passion-fruit-jam-250g\/","url":"https:\/\/fabricastoantonio.com\/en\/produtos-fsa\/papaya-passion-fruit-jam-250g\/","name":"Papaya and Passion Fruit Jam 250g - F\u00e1brica Santo Ant\u00f3nio - Manufatura Madeirense Est. 1893","isPartOf":{"@id":"https:\/\/fabricastoantonio.com\/en\/#website"},"primaryImageOfPage":{"@id":"https:\/\/fabricastoantonio.com\/en\/produtos-fsa\/papaya-passion-fruit-jam-250g\/#primaryimage"},"image":{"@id":"https:\/\/fabricastoantonio.com\/en\/produtos-fsa\/papaya-passion-fruit-jam-250g\/#primaryimage"},"thumbnailUrl":"https:\/\/fabricastoantonio.com\/wp-site\/wp-content\/uploads\/2023\/06\/1080-papaia-maracuja.webp","datePublished":"2023-06-02T14:59:00+00:00","dateModified":"2023-07-28T09:55:30+00:00","description":"The perfect combination of Madeira\u2019s Papaya and Passion fruit, 100% natural. Creamy and tropical. F\u00e1brica Santo Ant\u00f3nio - Manufatura Madeirense Est. 1893","breadcrumb":{"@id":"https:\/\/fabricastoantonio.com\/en\/produtos-fsa\/papaya-passion-fruit-jam-250g\/#breadcrumb"},"inLanguage":"en-US","potentialAction":[{"@type":"ReadAction","target":["https:\/\/fabricastoantonio.com\/en\/produtos-fsa\/papaya-passion-fruit-jam-250g\/"]}]},{"@type":"ImageObject","inLanguage":"en-US","@id":"https:\/\/fabricastoantonio.com\/en\/produtos-fsa\/papaya-passion-fruit-jam-250g\/#primaryimage","url":"https:\/\/fabricastoantonio.com\/wp-site\/wp-content\/uploads\/2023\/06\/1080-papaia-maracuja.webp","contentUrl":"https:\/\/fabricastoantonio.com\/wp-site\/wp-content\/uploads\/2023\/06\/1080-papaia-maracuja.webp","width":1080,"height":1080,"caption":"Doce de Papaia e maracuj\u00e1"},{"@type":"BreadcrumbList","@id":"https:\/\/fabricastoantonio.com\/en\/produtos-fsa\/papaya-passion-fruit-jam-250g\/#breadcrumb","itemListElement":[{"@type":"ListItem","position":1,"name":"In\u00edcio","item":"https:\/\/fabricastoantonio.com\/en\/"},{"@type":"ListItem","position":2,"name":"Produtos","item":"https:\/\/fabricastoantonio.com\/en\/produtos-fsa\/"},{"@type":"ListItem","position":3,"name":"Papaya and Passion Fruit Jam 250g"}]},{"@type":"WebSite","@id":"https:\/\/fabricastoantonio.com\/en\/#website","url":"https:\/\/fabricastoantonio.com\/en\/","name":"F\u00e1brica Santo Ant\u00f3nio - Manufatura Madeirense Est. 1893","description":"Do\u00e7aria tradicional  Madeirense: Bolo de Mel de Cana, Broas e Biscoitos, Compotas de Fruta, Rebu\u00e7ados Tradicionais.","publisher":{"@id":"https:\/\/fabricastoantonio.com\/en\/#organization"},"potentialAction":[{"@type":"SearchAction","target":{"@type":"EntryPoint","urlTemplate":"https:\/\/fabricastoantonio.com\/en\/?s={search_term_string}"},"query-input":{"@type":"PropertyValueSpecification","valueRequired":true,"valueName":"search_term_string"}}],"inLanguage":"en-US"},{"@type":"Organization","@id":"https:\/\/fabricastoantonio.com\/en\/#organization","name":"F\u00e1brica Santo Ant\u00f3nio","url":"https:\/\/fabricastoantonio.com\/en\/","logo":{"@type":"ImageObject","inLanguage":"en-US","@id":"https:\/\/fabricastoantonio.com\/en\/#\/schema\/logo\/image\/","url":"https:\/\/fabricastoantonio.com\/wp-site\/wp-content\/uploads\/2022\/01\/logo-fsa-complete-version.png","contentUrl":"https:\/\/fabricastoantonio.com\/wp-site\/wp-content\/uploads\/2022\/01\/logo-fsa-complete-version.png","width":700,"height":379,"caption":"F\u00e1brica Santo Ant\u00f3nio"},"image":{"@id":"https:\/\/fabricastoantonio.com\/en\/#\/schema\/logo\/image\/"},"sameAs":["https:\/\/www.facebook.com\/fabricasto.antonio","https:\/\/www.instagram.com\/fabrica.sto.antonio\/"]}]}},"_links":{"self":[{"href":"https:\/\/fabricastoantonio.com\/en\/wp-json\/wp\/v2\/product\/923","targetHints":{"allow":["GET"]}}],"collection":[{"href":"https:\/\/fabricastoantonio.com\/en\/wp-json\/wp\/v2\/product"}],"about":[{"href":"https:\/\/fabricastoantonio.com\/en\/wp-json\/wp\/v2\/types\/product"}],"replies":[{"embeddable":true,"href":"https:\/\/fabricastoantonio.com\/en\/wp-json\/wp\/v2\/comments?post=923"}],"version-history":[{"count":0,"href":"https:\/\/fabricastoantonio.com\/en\/wp-json\/wp\/v2\/product\/923\/revisions"}],"wp:featuredmedia":[{"embeddable":true,"href":"https:\/\/fabricastoantonio.com\/en\/wp-json\/wp\/v2\/media\/1070"}],"wp:attachment":[{"href":"https:\/\/fabricastoantonio.com\/en\/wp-json\/wp\/v2\/media?parent=923"}],"wp:term":[{"taxonomy":"product_brand","embeddable":true,"href":"https:\/\/fabricastoantonio.com\/en\/wp-json\/wp\/v2\/product_brand?post=923"},{"taxonomy":"product_cat","embeddable":true,"href":"https:\/\/fabricastoantonio.com\/en\/wp-json\/wp\/v2\/product_cat?post=923"},{"taxonomy":"product_tag","embeddable":true,"href":"https:\/\/fabricastoantonio.com\/en\/wp-json\/wp\/v2\/product_tag?post=923"}],"curies":[{"name":"wp","href":"https:\/\/api.w.org\/{rel}","templated":true}]}}