{"id":1275,"date":"2023-06-09T16:25:44","date_gmt":"2023-06-09T16:25:44","guid":{"rendered":"https:\/\/fabricastoantonio.com\/shop\/uncategorized\/broas-de-gengibre-125g\/"},"modified":"2023-07-31T13:48:35","modified_gmt":"2023-07-31T13:48:35","slug":"broas-de-gengibre-125g","status":"publish","type":"product","link":"https:\/\/fabricastoantonio.com\/en\/produtos-fsa\/broas-de-gengibre-125g\/","title":{"rendered":"Broas de Gengibre 125g"},"content":{"rendered":"<p>Biscoito fino de forma redonda de cor dourada profunda. Muito leve, super estaladi\u00e7o de textura que se desfaz na boca num paladar de suave gengibre e caramelizado.<\/p>\n","protected":false},"excerpt":{"rendered":"<p>Farinha de Arroz, f\u00e9cula de Batata, Amido Milho, OVOS, Gengibre, Mel de Cana, A\u00e7\u00facar, Gordura Vegetal (\u00d3leo e Gorduras Vegetais Refinados), Antioxidantes(E-304 e E-306), Canela, Levedantes (Bicarbonato de S\u00f3dio), Sal.<\/p>\n","protected":false},"featured_media":1092,"comment_status":"open","ping_status":"closed","template":"","meta":[],"product_brand":[],"product_cat":[105],"product_tag":[217,232,200],"class_list":{"0":"post-1275","1":"product","2":"type-product","3":"status-publish","4":"has-post-thumbnail","6":"product_cat-fine-biscuits","7":"product_tag-ginger-en","8":"product_tag-ginger-thins","9":"product_tag-special-biscuit","11":"first","12":"instock","13":"taxable","14":"shipping-taxable","15":"product-type-simple"},"yoast_head":"<!-- This site is optimized with the Yoast SEO plugin v26.8 - https:\/\/yoast.com\/product\/yoast-seo-wordpress\/ -->\n<title>Broas de Gengibre 125g - F\u00e1brica Santo Ant\u00f3nio - Manufatura Madeirense Est. 1893<\/title>\n<meta name=\"description\" content=\"Biscoito fino de forma redonda de cor dourada profunda. Muito leve, super estaladi\u00e7o, paladar de suave gengibre e caramelzado. Broas de Gengibre 125g\" \/>\n<meta name=\"robots\" content=\"index, follow, max-snippet:-1, max-image-preview:large, max-video-preview:-1\" \/>\n<link rel=\"canonical\" href=\"https:\/\/fabricastoantonio.com\/en\/produtos-fsa\/broas-de-gengibre-125g\/\" \/>\n<meta name=\"twitter:card\" content=\"summary_large_image\" \/>\n<meta name=\"twitter:title\" content=\"Broas de Gengibre 125g - F\u00e1brica Santo Ant\u00f3nio - Manufatura Madeirense Est. 1893\" \/>\n<meta name=\"twitter:description\" content=\"Biscoito fino de forma redonda de cor dourada profunda. Muito leve, super estaladi\u00e7o, paladar de suave gengibre e caramelzado. Broas de Gengibre 125g\" \/>\n<meta name=\"twitter:image\" content=\"https:\/\/fabricastoantonio.com\/wp-site\/wp-content\/uploads\/2023\/06\/Prod-Broas-Ginger.webp\" \/>\n<meta name=\"twitter:label1\" content=\"Est. reading time\" \/>\n\t<meta name=\"twitter:data1\" content=\"1 minute\" \/>\n<script type=\"application\/ld+json\" class=\"yoast-schema-graph\">{\"@context\":\"https:\/\/schema.org\",\"@graph\":[{\"@type\":\"WebPage\",\"@id\":\"https:\/\/fabricastoantonio.com\/en\/produtos-fsa\/broas-de-gengibre-125g\/\",\"url\":\"https:\/\/fabricastoantonio.com\/en\/produtos-fsa\/broas-de-gengibre-125g\/\",\"name\":\"Broas de Gengibre 125g - F\u00e1brica Santo Ant\u00f3nio - Manufatura Madeirense Est. 1893\",\"isPartOf\":{\"@id\":\"https:\/\/fabricastoantonio.com\/en\/#website\"},\"primaryImageOfPage\":{\"@id\":\"https:\/\/fabricastoantonio.com\/en\/produtos-fsa\/broas-de-gengibre-125g\/#primaryimage\"},\"image\":{\"@id\":\"https:\/\/fabricastoantonio.com\/en\/produtos-fsa\/broas-de-gengibre-125g\/#primaryimage\"},\"thumbnailUrl\":\"https:\/\/fabricastoantonio.com\/wp-site\/wp-content\/uploads\/2023\/06\/Prod-Broas-Ginger.webp\",\"datePublished\":\"2023-06-09T16:25:44+00:00\",\"dateModified\":\"2023-07-31T13:48:35+00:00\",\"description\":\"Biscoito fino de forma redonda de cor dourada profunda. Muito leve, super estaladi\u00e7o, paladar de suave gengibre e caramelzado. Broas de Gengibre 125g\",\"breadcrumb\":{\"@id\":\"https:\/\/fabricastoantonio.com\/en\/produtos-fsa\/broas-de-gengibre-125g\/#breadcrumb\"},\"inLanguage\":\"en-US\",\"potentialAction\":[{\"@type\":\"ReadAction\",\"target\":[\"https:\/\/fabricastoantonio.com\/en\/produtos-fsa\/broas-de-gengibre-125g\/\"]}]},{\"@type\":\"ImageObject\",\"inLanguage\":\"en-US\",\"@id\":\"https:\/\/fabricastoantonio.com\/en\/produtos-fsa\/broas-de-gengibre-125g\/#primaryimage\",\"url\":\"https:\/\/fabricastoantonio.com\/wp-site\/wp-content\/uploads\/2023\/06\/Prod-Broas-Ginger.webp\",\"contentUrl\":\"https:\/\/fabricastoantonio.com\/wp-site\/wp-content\/uploads\/2023\/06\/Prod-Broas-Ginger.webp\",\"width\":1200,\"height\":1200,\"caption\":\"Broas Gengibre\"},{\"@type\":\"BreadcrumbList\",\"@id\":\"https:\/\/fabricastoantonio.com\/en\/produtos-fsa\/broas-de-gengibre-125g\/#breadcrumb\",\"itemListElement\":[{\"@type\":\"ListItem\",\"position\":1,\"name\":\"In\u00edcio\",\"item\":\"https:\/\/fabricastoantonio.com\/en\/\"},{\"@type\":\"ListItem\",\"position\":2,\"name\":\"Produtos\",\"item\":\"https:\/\/fabricastoantonio.com\/en\/produtos-fsa\/\"},{\"@type\":\"ListItem\",\"position\":3,\"name\":\"Broas de Gengibre 125g\"}]},{\"@type\":\"WebSite\",\"@id\":\"https:\/\/fabricastoantonio.com\/en\/#website\",\"url\":\"https:\/\/fabricastoantonio.com\/en\/\",\"name\":\"F\u00e1brica Santo Ant\u00f3nio - Manufatura Madeirense Est. 1893\",\"description\":\"Do\u00e7aria tradicional  Madeirense: Bolo de Mel de Cana, Broas e Biscoitos, Compotas de Fruta, Rebu\u00e7ados Tradicionais.\",\"publisher\":{\"@id\":\"https:\/\/fabricastoantonio.com\/en\/#organization\"},\"potentialAction\":[{\"@type\":\"SearchAction\",\"target\":{\"@type\":\"EntryPoint\",\"urlTemplate\":\"https:\/\/fabricastoantonio.com\/en\/?s={search_term_string}\"},\"query-input\":{\"@type\":\"PropertyValueSpecification\",\"valueRequired\":true,\"valueName\":\"search_term_string\"}}],\"inLanguage\":\"en-US\"},{\"@type\":\"Organization\",\"@id\":\"https:\/\/fabricastoantonio.com\/en\/#organization\",\"name\":\"F\u00e1brica Santo Ant\u00f3nio\",\"url\":\"https:\/\/fabricastoantonio.com\/en\/\",\"logo\":{\"@type\":\"ImageObject\",\"inLanguage\":\"en-US\",\"@id\":\"https:\/\/fabricastoantonio.com\/en\/#\/schema\/logo\/image\/\",\"url\":\"https:\/\/fabricastoantonio.com\/wp-site\/wp-content\/uploads\/2022\/01\/logo-fsa-complete-version.png\",\"contentUrl\":\"https:\/\/fabricastoantonio.com\/wp-site\/wp-content\/uploads\/2022\/01\/logo-fsa-complete-version.png\",\"width\":700,\"height\":379,\"caption\":\"F\u00e1brica Santo Ant\u00f3nio\"},\"image\":{\"@id\":\"https:\/\/fabricastoantonio.com\/en\/#\/schema\/logo\/image\/\"},\"sameAs\":[\"https:\/\/www.facebook.com\/fabricasto.antonio\",\"https:\/\/www.instagram.com\/fabrica.sto.antonio\/\"]}]}<\/script>\n<!-- \/ Yoast SEO plugin. -->","yoast_head_json":{"title":"Broas de Gengibre 125g - F\u00e1brica Santo Ant\u00f3nio - Manufatura Madeirense Est. 1893","description":"Biscoito fino de forma redonda de cor dourada profunda. Muito leve, super estaladi\u00e7o, paladar de suave gengibre e caramelzado. Broas de Gengibre 125g","robots":{"index":"index","follow":"follow","max-snippet":"max-snippet:-1","max-image-preview":"max-image-preview:large","max-video-preview":"max-video-preview:-1"},"canonical":"https:\/\/fabricastoantonio.com\/en\/produtos-fsa\/broas-de-gengibre-125g\/","twitter_card":"summary_large_image","twitter_title":"Broas de Gengibre 125g - F\u00e1brica Santo Ant\u00f3nio - Manufatura Madeirense Est. 1893","twitter_description":"Biscoito fino de forma redonda de cor dourada profunda. Muito leve, super estaladi\u00e7o, paladar de suave gengibre e caramelzado. Broas de Gengibre 125g","twitter_image":"https:\/\/fabricastoantonio.com\/wp-site\/wp-content\/uploads\/2023\/06\/Prod-Broas-Ginger.webp","twitter_misc":{"Est. reading time":"1 minute"},"schema":{"@context":"https:\/\/schema.org","@graph":[{"@type":"WebPage","@id":"https:\/\/fabricastoantonio.com\/en\/produtos-fsa\/broas-de-gengibre-125g\/","url":"https:\/\/fabricastoantonio.com\/en\/produtos-fsa\/broas-de-gengibre-125g\/","name":"Broas de Gengibre 125g - F\u00e1brica Santo Ant\u00f3nio - Manufatura Madeirense Est. 1893","isPartOf":{"@id":"https:\/\/fabricastoantonio.com\/en\/#website"},"primaryImageOfPage":{"@id":"https:\/\/fabricastoantonio.com\/en\/produtos-fsa\/broas-de-gengibre-125g\/#primaryimage"},"image":{"@id":"https:\/\/fabricastoantonio.com\/en\/produtos-fsa\/broas-de-gengibre-125g\/#primaryimage"},"thumbnailUrl":"https:\/\/fabricastoantonio.com\/wp-site\/wp-content\/uploads\/2023\/06\/Prod-Broas-Ginger.webp","datePublished":"2023-06-09T16:25:44+00:00","dateModified":"2023-07-31T13:48:35+00:00","description":"Biscoito fino de forma redonda de cor dourada profunda. Muito leve, super estaladi\u00e7o, paladar de suave gengibre e caramelzado. Broas de Gengibre 125g","breadcrumb":{"@id":"https:\/\/fabricastoantonio.com\/en\/produtos-fsa\/broas-de-gengibre-125g\/#breadcrumb"},"inLanguage":"en-US","potentialAction":[{"@type":"ReadAction","target":["https:\/\/fabricastoantonio.com\/en\/produtos-fsa\/broas-de-gengibre-125g\/"]}]},{"@type":"ImageObject","inLanguage":"en-US","@id":"https:\/\/fabricastoantonio.com\/en\/produtos-fsa\/broas-de-gengibre-125g\/#primaryimage","url":"https:\/\/fabricastoantonio.com\/wp-site\/wp-content\/uploads\/2023\/06\/Prod-Broas-Ginger.webp","contentUrl":"https:\/\/fabricastoantonio.com\/wp-site\/wp-content\/uploads\/2023\/06\/Prod-Broas-Ginger.webp","width":1200,"height":1200,"caption":"Broas Gengibre"},{"@type":"BreadcrumbList","@id":"https:\/\/fabricastoantonio.com\/en\/produtos-fsa\/broas-de-gengibre-125g\/#breadcrumb","itemListElement":[{"@type":"ListItem","position":1,"name":"In\u00edcio","item":"https:\/\/fabricastoantonio.com\/en\/"},{"@type":"ListItem","position":2,"name":"Produtos","item":"https:\/\/fabricastoantonio.com\/en\/produtos-fsa\/"},{"@type":"ListItem","position":3,"name":"Broas de Gengibre 125g"}]},{"@type":"WebSite","@id":"https:\/\/fabricastoantonio.com\/en\/#website","url":"https:\/\/fabricastoantonio.com\/en\/","name":"F\u00e1brica Santo Ant\u00f3nio - Manufatura Madeirense Est. 1893","description":"Do\u00e7aria tradicional  Madeirense: Bolo de Mel de Cana, Broas e Biscoitos, Compotas de Fruta, Rebu\u00e7ados Tradicionais.","publisher":{"@id":"https:\/\/fabricastoantonio.com\/en\/#organization"},"potentialAction":[{"@type":"SearchAction","target":{"@type":"EntryPoint","urlTemplate":"https:\/\/fabricastoantonio.com\/en\/?s={search_term_string}"},"query-input":{"@type":"PropertyValueSpecification","valueRequired":true,"valueName":"search_term_string"}}],"inLanguage":"en-US"},{"@type":"Organization","@id":"https:\/\/fabricastoantonio.com\/en\/#organization","name":"F\u00e1brica Santo Ant\u00f3nio","url":"https:\/\/fabricastoantonio.com\/en\/","logo":{"@type":"ImageObject","inLanguage":"en-US","@id":"https:\/\/fabricastoantonio.com\/en\/#\/schema\/logo\/image\/","url":"https:\/\/fabricastoantonio.com\/wp-site\/wp-content\/uploads\/2022\/01\/logo-fsa-complete-version.png","contentUrl":"https:\/\/fabricastoantonio.com\/wp-site\/wp-content\/uploads\/2022\/01\/logo-fsa-complete-version.png","width":700,"height":379,"caption":"F\u00e1brica Santo Ant\u00f3nio"},"image":{"@id":"https:\/\/fabricastoantonio.com\/en\/#\/schema\/logo\/image\/"},"sameAs":["https:\/\/www.facebook.com\/fabricasto.antonio","https:\/\/www.instagram.com\/fabrica.sto.antonio\/"]}]}},"_links":{"self":[{"href":"https:\/\/fabricastoantonio.com\/en\/wp-json\/wp\/v2\/product\/1275","targetHints":{"allow":["GET"]}}],"collection":[{"href":"https:\/\/fabricastoantonio.com\/en\/wp-json\/wp\/v2\/product"}],"about":[{"href":"https:\/\/fabricastoantonio.com\/en\/wp-json\/wp\/v2\/types\/product"}],"replies":[{"embeddable":true,"href":"https:\/\/fabricastoantonio.com\/en\/wp-json\/wp\/v2\/comments?post=1275"}],"version-history":[{"count":0,"href":"https:\/\/fabricastoantonio.com\/en\/wp-json\/wp\/v2\/product\/1275\/revisions"}],"wp:featuredmedia":[{"embeddable":true,"href":"https:\/\/fabricastoantonio.com\/en\/wp-json\/wp\/v2\/media\/1092"}],"wp:attachment":[{"href":"https:\/\/fabricastoantonio.com\/en\/wp-json\/wp\/v2\/media?parent=1275"}],"wp:term":[{"taxonomy":"product_brand","embeddable":true,"href":"https:\/\/fabricastoantonio.com\/en\/wp-json\/wp\/v2\/product_brand?post=1275"},{"taxonomy":"product_cat","embeddable":true,"href":"https:\/\/fabricastoantonio.com\/en\/wp-json\/wp\/v2\/product_cat?post=1275"},{"taxonomy":"product_tag","embeddable":true,"href":"https:\/\/fabricastoantonio.com\/en\/wp-json\/wp\/v2\/product_tag?post=1275"}],"curies":[{"name":"wp","href":"https:\/\/api.w.org\/{rel}","templated":true}]}}