{"id":1263,"date":"2023-06-09T16:41:33","date_gmt":"2023-06-09T16:41:33","guid":{"rendered":"https:\/\/fabricastoantonio.com\/shop\/uncategorized\/guilherminas-150g\/"},"modified":"2023-07-31T09:03:24","modified_gmt":"2023-07-31T09:03:24","slug":"guilherminas-150g","status":"publish","type":"product","link":"https:\/\/fabricastoantonio.com\/en\/produtos-fsa\/guilherminas-150g\/","title":{"rendered":"Guil&#8217;s 150g"},"content":{"rendered":"<p>Round and flat golden fine biscuit. Light and crumbly with oats and almond chunks. Powerful toasted almond and Madeira\u2019s sugar cane syrup flavour. Complex and intense. Tribute recipe to honor the Factory\u2019s founder\u2019s wife: Guil<\/p>\n","protected":false},"excerpt":{"rendered":"<p>WHEAT FLOUR, ALMONDS, BUTTER, EGGS, OATS, Madeira\u2019s sugar cane syrup, vegetable fat (oil and refined vegetable fats), Antioxidants (E-304 and E-306), sugar, yeast.<\/p>\n","protected":false},"featured_media":1098,"comment_status":"open","ping_status":"closed","template":"","meta":[],"product_brand":[],"product_cat":[105],"product_tag":[186,238,239,185],"class_list":{"0":"post-1263","1":"product","2":"type-product","3":"status-publish","4":"has-post-thumbnail","6":"product_cat-fine-biscuits","7":"product_tag-fine-biscuits","8":"product_tag-guilherminas-en","9":"product_tag-guils-en","10":"product_tag-special-biscuits","12":"first","13":"instock","14":"taxable","15":"shipping-taxable","16":"product-type-simple"},"yoast_head":"<!-- This site is optimized with the Yoast SEO plugin v26.8 - https:\/\/yoast.com\/product\/yoast-seo-wordpress\/ -->\n<title>Guil&#039;s 150g - F\u00e1brica Santo Ant\u00f3nio - Manufatura Madeirense Est. 1893<\/title>\n<meta name=\"description\" content=\"Round and flat golden fine biscuit. Light and crumbly with oats and almond chunks. Guil&#039;s 150g F\u00e1brica Santo Ant\u00f3nio - Manufatura Madeirense Est. 1893\" \/>\n<meta name=\"robots\" content=\"index, follow, max-snippet:-1, max-image-preview:large, max-video-preview:-1\" \/>\n<link rel=\"canonical\" href=\"https:\/\/fabricastoantonio.com\/en\/produtos-fsa\/guilherminas-150g\/\" \/>\n<meta name=\"twitter:card\" content=\"summary_large_image\" \/>\n<meta name=\"twitter:title\" content=\"Guil&#039;s 150g - F\u00e1brica Santo Ant\u00f3nio - Manufatura Madeirense Est. 1893\" \/>\n<meta name=\"twitter:description\" content=\"Round and flat golden fine biscuit. Light and crumbly with oats and almond chunks. Guil&#039;s 150g F\u00e1brica Santo Ant\u00f3nio - Manufatura Madeirense Est. 1893\" \/>\n<meta name=\"twitter:image\" content=\"https:\/\/fabricastoantonio.com\/wp-site\/wp-content\/uploads\/2023\/06\/Prod-Guilhermina.webp\" \/>\n<meta name=\"twitter:label1\" content=\"Est. reading time\" \/>\n\t<meta name=\"twitter:data1\" content=\"1 minute\" \/>\n<script type=\"application\/ld+json\" class=\"yoast-schema-graph\">{\"@context\":\"https:\/\/schema.org\",\"@graph\":[{\"@type\":\"WebPage\",\"@id\":\"https:\/\/fabricastoantonio.com\/en\/produtos-fsa\/guilherminas-150g\/\",\"url\":\"https:\/\/fabricastoantonio.com\/en\/produtos-fsa\/guilherminas-150g\/\",\"name\":\"Guil's 150g - F\u00e1brica Santo Ant\u00f3nio - Manufatura Madeirense Est. 1893\",\"isPartOf\":{\"@id\":\"https:\/\/fabricastoantonio.com\/en\/#website\"},\"primaryImageOfPage\":{\"@id\":\"https:\/\/fabricastoantonio.com\/en\/produtos-fsa\/guilherminas-150g\/#primaryimage\"},\"image\":{\"@id\":\"https:\/\/fabricastoantonio.com\/en\/produtos-fsa\/guilherminas-150g\/#primaryimage\"},\"thumbnailUrl\":\"https:\/\/fabricastoantonio.com\/wp-site\/wp-content\/uploads\/2023\/06\/Prod-Guilhermina.webp\",\"datePublished\":\"2023-06-09T16:41:33+00:00\",\"dateModified\":\"2023-07-31T09:03:24+00:00\",\"description\":\"Round and flat golden fine biscuit. Light and crumbly with oats and almond chunks. Guil's 150g F\u00e1brica Santo Ant\u00f3nio - Manufatura Madeirense Est. 1893\",\"breadcrumb\":{\"@id\":\"https:\/\/fabricastoantonio.com\/en\/produtos-fsa\/guilherminas-150g\/#breadcrumb\"},\"inLanguage\":\"en-US\",\"potentialAction\":[{\"@type\":\"ReadAction\",\"target\":[\"https:\/\/fabricastoantonio.com\/en\/produtos-fsa\/guilherminas-150g\/\"]}]},{\"@type\":\"ImageObject\",\"inLanguage\":\"en-US\",\"@id\":\"https:\/\/fabricastoantonio.com\/en\/produtos-fsa\/guilherminas-150g\/#primaryimage\",\"url\":\"https:\/\/fabricastoantonio.com\/wp-site\/wp-content\/uploads\/2023\/06\/Prod-Guilhermina.webp\",\"contentUrl\":\"https:\/\/fabricastoantonio.com\/wp-site\/wp-content\/uploads\/2023\/06\/Prod-Guilhermina.webp\",\"width\":1200,\"height\":1200,\"caption\":\"Bolacha Guilhermina\"},{\"@type\":\"BreadcrumbList\",\"@id\":\"https:\/\/fabricastoantonio.com\/en\/produtos-fsa\/guilherminas-150g\/#breadcrumb\",\"itemListElement\":[{\"@type\":\"ListItem\",\"position\":1,\"name\":\"In\u00edcio\",\"item\":\"https:\/\/fabricastoantonio.com\/en\/\"},{\"@type\":\"ListItem\",\"position\":2,\"name\":\"Produtos\",\"item\":\"https:\/\/fabricastoantonio.com\/en\/produtos-fsa\/\"},{\"@type\":\"ListItem\",\"position\":3,\"name\":\"Guil&#8217;s 150g\"}]},{\"@type\":\"WebSite\",\"@id\":\"https:\/\/fabricastoantonio.com\/en\/#website\",\"url\":\"https:\/\/fabricastoantonio.com\/en\/\",\"name\":\"F\u00e1brica Santo Ant\u00f3nio - Manufatura Madeirense Est. 1893\",\"description\":\"Do\u00e7aria tradicional  Madeirense: Bolo de Mel de Cana, Broas e Biscoitos, Compotas de Fruta, Rebu\u00e7ados Tradicionais.\",\"publisher\":{\"@id\":\"https:\/\/fabricastoantonio.com\/en\/#organization\"},\"potentialAction\":[{\"@type\":\"SearchAction\",\"target\":{\"@type\":\"EntryPoint\",\"urlTemplate\":\"https:\/\/fabricastoantonio.com\/en\/?s={search_term_string}\"},\"query-input\":{\"@type\":\"PropertyValueSpecification\",\"valueRequired\":true,\"valueName\":\"search_term_string\"}}],\"inLanguage\":\"en-US\"},{\"@type\":\"Organization\",\"@id\":\"https:\/\/fabricastoantonio.com\/en\/#organization\",\"name\":\"F\u00e1brica Santo Ant\u00f3nio\",\"url\":\"https:\/\/fabricastoantonio.com\/en\/\",\"logo\":{\"@type\":\"ImageObject\",\"inLanguage\":\"en-US\",\"@id\":\"https:\/\/fabricastoantonio.com\/en\/#\/schema\/logo\/image\/\",\"url\":\"https:\/\/fabricastoantonio.com\/wp-site\/wp-content\/uploads\/2022\/01\/logo-fsa-complete-version.png\",\"contentUrl\":\"https:\/\/fabricastoantonio.com\/wp-site\/wp-content\/uploads\/2022\/01\/logo-fsa-complete-version.png\",\"width\":700,\"height\":379,\"caption\":\"F\u00e1brica Santo Ant\u00f3nio\"},\"image\":{\"@id\":\"https:\/\/fabricastoantonio.com\/en\/#\/schema\/logo\/image\/\"},\"sameAs\":[\"https:\/\/www.facebook.com\/fabricasto.antonio\",\"https:\/\/www.instagram.com\/fabrica.sto.antonio\/\"]}]}<\/script>\n<!-- \/ Yoast SEO plugin. -->","yoast_head_json":{"title":"Guil's 150g - F\u00e1brica Santo Ant\u00f3nio - Manufatura Madeirense Est. 1893","description":"Round and flat golden fine biscuit. Light and crumbly with oats and almond chunks. Guil's 150g F\u00e1brica Santo Ant\u00f3nio - Manufatura Madeirense Est. 1893","robots":{"index":"index","follow":"follow","max-snippet":"max-snippet:-1","max-image-preview":"max-image-preview:large","max-video-preview":"max-video-preview:-1"},"canonical":"https:\/\/fabricastoantonio.com\/en\/produtos-fsa\/guilherminas-150g\/","twitter_card":"summary_large_image","twitter_title":"Guil's 150g - F\u00e1brica Santo Ant\u00f3nio - Manufatura Madeirense Est. 1893","twitter_description":"Round and flat golden fine biscuit. Light and crumbly with oats and almond chunks. Guil's 150g F\u00e1brica Santo Ant\u00f3nio - Manufatura Madeirense Est. 1893","twitter_image":"https:\/\/fabricastoantonio.com\/wp-site\/wp-content\/uploads\/2023\/06\/Prod-Guilhermina.webp","twitter_misc":{"Est. reading time":"1 minute"},"schema":{"@context":"https:\/\/schema.org","@graph":[{"@type":"WebPage","@id":"https:\/\/fabricastoantonio.com\/en\/produtos-fsa\/guilherminas-150g\/","url":"https:\/\/fabricastoantonio.com\/en\/produtos-fsa\/guilherminas-150g\/","name":"Guil's 150g - F\u00e1brica Santo Ant\u00f3nio - Manufatura Madeirense Est. 1893","isPartOf":{"@id":"https:\/\/fabricastoantonio.com\/en\/#website"},"primaryImageOfPage":{"@id":"https:\/\/fabricastoantonio.com\/en\/produtos-fsa\/guilherminas-150g\/#primaryimage"},"image":{"@id":"https:\/\/fabricastoantonio.com\/en\/produtos-fsa\/guilherminas-150g\/#primaryimage"},"thumbnailUrl":"https:\/\/fabricastoantonio.com\/wp-site\/wp-content\/uploads\/2023\/06\/Prod-Guilhermina.webp","datePublished":"2023-06-09T16:41:33+00:00","dateModified":"2023-07-31T09:03:24+00:00","description":"Round and flat golden fine biscuit. Light and crumbly with oats and almond chunks. Guil's 150g F\u00e1brica Santo Ant\u00f3nio - Manufatura Madeirense Est. 1893","breadcrumb":{"@id":"https:\/\/fabricastoantonio.com\/en\/produtos-fsa\/guilherminas-150g\/#breadcrumb"},"inLanguage":"en-US","potentialAction":[{"@type":"ReadAction","target":["https:\/\/fabricastoantonio.com\/en\/produtos-fsa\/guilherminas-150g\/"]}]},{"@type":"ImageObject","inLanguage":"en-US","@id":"https:\/\/fabricastoantonio.com\/en\/produtos-fsa\/guilherminas-150g\/#primaryimage","url":"https:\/\/fabricastoantonio.com\/wp-site\/wp-content\/uploads\/2023\/06\/Prod-Guilhermina.webp","contentUrl":"https:\/\/fabricastoantonio.com\/wp-site\/wp-content\/uploads\/2023\/06\/Prod-Guilhermina.webp","width":1200,"height":1200,"caption":"Bolacha Guilhermina"},{"@type":"BreadcrumbList","@id":"https:\/\/fabricastoantonio.com\/en\/produtos-fsa\/guilherminas-150g\/#breadcrumb","itemListElement":[{"@type":"ListItem","position":1,"name":"In\u00edcio","item":"https:\/\/fabricastoantonio.com\/en\/"},{"@type":"ListItem","position":2,"name":"Produtos","item":"https:\/\/fabricastoantonio.com\/en\/produtos-fsa\/"},{"@type":"ListItem","position":3,"name":"Guil&#8217;s 150g"}]},{"@type":"WebSite","@id":"https:\/\/fabricastoantonio.com\/en\/#website","url":"https:\/\/fabricastoantonio.com\/en\/","name":"F\u00e1brica Santo Ant\u00f3nio - Manufatura Madeirense Est. 1893","description":"Do\u00e7aria tradicional  Madeirense: Bolo de Mel de Cana, Broas e Biscoitos, Compotas de Fruta, Rebu\u00e7ados Tradicionais.","publisher":{"@id":"https:\/\/fabricastoantonio.com\/en\/#organization"},"potentialAction":[{"@type":"SearchAction","target":{"@type":"EntryPoint","urlTemplate":"https:\/\/fabricastoantonio.com\/en\/?s={search_term_string}"},"query-input":{"@type":"PropertyValueSpecification","valueRequired":true,"valueName":"search_term_string"}}],"inLanguage":"en-US"},{"@type":"Organization","@id":"https:\/\/fabricastoantonio.com\/en\/#organization","name":"F\u00e1brica Santo Ant\u00f3nio","url":"https:\/\/fabricastoantonio.com\/en\/","logo":{"@type":"ImageObject","inLanguage":"en-US","@id":"https:\/\/fabricastoantonio.com\/en\/#\/schema\/logo\/image\/","url":"https:\/\/fabricastoantonio.com\/wp-site\/wp-content\/uploads\/2022\/01\/logo-fsa-complete-version.png","contentUrl":"https:\/\/fabricastoantonio.com\/wp-site\/wp-content\/uploads\/2022\/01\/logo-fsa-complete-version.png","width":700,"height":379,"caption":"F\u00e1brica Santo Ant\u00f3nio"},"image":{"@id":"https:\/\/fabricastoantonio.com\/en\/#\/schema\/logo\/image\/"},"sameAs":["https:\/\/www.facebook.com\/fabricasto.antonio","https:\/\/www.instagram.com\/fabrica.sto.antonio\/"]}]}},"_links":{"self":[{"href":"https:\/\/fabricastoantonio.com\/en\/wp-json\/wp\/v2\/product\/1263","targetHints":{"allow":["GET"]}}],"collection":[{"href":"https:\/\/fabricastoantonio.com\/en\/wp-json\/wp\/v2\/product"}],"about":[{"href":"https:\/\/fabricastoantonio.com\/en\/wp-json\/wp\/v2\/types\/product"}],"replies":[{"embeddable":true,"href":"https:\/\/fabricastoantonio.com\/en\/wp-json\/wp\/v2\/comments?post=1263"}],"version-history":[{"count":0,"href":"https:\/\/fabricastoantonio.com\/en\/wp-json\/wp\/v2\/product\/1263\/revisions"}],"wp:featuredmedia":[{"embeddable":true,"href":"https:\/\/fabricastoantonio.com\/en\/wp-json\/wp\/v2\/media\/1098"}],"wp:attachment":[{"href":"https:\/\/fabricastoantonio.com\/en\/wp-json\/wp\/v2\/media?parent=1263"}],"wp:term":[{"taxonomy":"product_brand","embeddable":true,"href":"https:\/\/fabricastoantonio.com\/en\/wp-json\/wp\/v2\/product_brand?post=1263"},{"taxonomy":"product_cat","embeddable":true,"href":"https:\/\/fabricastoantonio.com\/en\/wp-json\/wp\/v2\/product_cat?post=1263"},{"taxonomy":"product_tag","embeddable":true,"href":"https:\/\/fabricastoantonio.com\/en\/wp-json\/wp\/v2\/product_tag?post=1263"}],"curies":[{"name":"wp","href":"https:\/\/api.w.org\/{rel}","templated":true}]}}