{"id":1253,"date":"2023-06-09T10:56:00","date_gmt":"2023-06-09T10:56:00","guid":{"rendered":"https:\/\/fabricastoantonio.com\/shop\/uncategorized\/doce-de-laranja-250g\/"},"modified":"2023-07-28T16:50:06","modified_gmt":"2023-07-28T16:50:06","slug":"orange-jam-250g","status":"publish","type":"product","link":"https:\/\/fabricastoantonio.com\/en\/produtos-fsa\/orange-jam-250g\/","title":{"rendered":"Orange marmalade 250g"},"content":{"rendered":"<p>Made with a selection of oranges and orange peel. 100% natural. Very aromatic and sweet-tangy flavour. Spread on scones, toast, croissants or on our Classic biscuits. Be creative and try it as a topping to your favourite desserts or even to enhance your sauces. Pairs well with mature cheeses.<\/p>\n","protected":false},"excerpt":{"rendered":"<p>Orange (55%), sugar, pectin, citric acid, sodium benzoate (E211).<\/p>\n","protected":false},"featured_media":1064,"comment_status":"open","ping_status":"closed","template":"","meta":[],"product_brand":[],"product_cat":[109],"product_tag":[115,237],"class_list":{"0":"post-1253","1":"product","2":"type-product","3":"status-publish","4":"has-post-thumbnail","6":"product_cat-general","7":"product_tag-jams-en","8":"product_tag-orange","10":"first","11":"instock","12":"taxable","13":"shipping-taxable","14":"product-type-simple"},"yoast_head":"<!-- This site is optimized with the Yoast SEO plugin v26.8 - https:\/\/yoast.com\/product\/yoast-seo-wordpress\/ -->\n<title>Orange marmalade 250g - F\u00e1brica Santo Ant\u00f3nio - Manufatura Madeirense Est. 1893<\/title>\n<meta name=\"description\" content=\"Made with a selection of oranges and orange peel.100% natural. Very aromatic and sweet-tangy flavour. Orange marmalade 250g\" \/>\n<meta name=\"robots\" content=\"index, follow, max-snippet:-1, max-image-preview:large, max-video-preview:-1\" \/>\n<link rel=\"canonical\" href=\"https:\/\/fabricastoantonio.com\/en\/produtos-fsa\/orange-jam-250g\/\" \/>\n<meta name=\"twitter:card\" content=\"summary_large_image\" \/>\n<meta name=\"twitter:title\" content=\"Orange marmalade 250g - F\u00e1brica Santo Ant\u00f3nio - Manufatura Madeirense Est. 1893\" \/>\n<meta name=\"twitter:description\" content=\"Made with a selection of oranges and orange peel.100% natural. Very aromatic and sweet-tangy flavour. Orange marmalade 250g\" \/>\n<meta name=\"twitter:image\" content=\"https:\/\/fabricastoantonio.com\/wp-site\/wp-content\/uploads\/2023\/06\/1080-laranja.webp\" \/>\n<meta name=\"twitter:label1\" content=\"Est. reading time\" \/>\n\t<meta name=\"twitter:data1\" content=\"1 minute\" \/>\n<script type=\"application\/ld+json\" class=\"yoast-schema-graph\">{\"@context\":\"https:\/\/schema.org\",\"@graph\":[{\"@type\":\"WebPage\",\"@id\":\"https:\/\/fabricastoantonio.com\/en\/produtos-fsa\/orange-jam-250g\/\",\"url\":\"https:\/\/fabricastoantonio.com\/en\/produtos-fsa\/orange-jam-250g\/\",\"name\":\"Orange marmalade 250g - F\u00e1brica Santo Ant\u00f3nio - Manufatura Madeirense Est. 1893\",\"isPartOf\":{\"@id\":\"https:\/\/fabricastoantonio.com\/en\/#website\"},\"primaryImageOfPage\":{\"@id\":\"https:\/\/fabricastoantonio.com\/en\/produtos-fsa\/orange-jam-250g\/#primaryimage\"},\"image\":{\"@id\":\"https:\/\/fabricastoantonio.com\/en\/produtos-fsa\/orange-jam-250g\/#primaryimage\"},\"thumbnailUrl\":\"https:\/\/fabricastoantonio.com\/wp-site\/wp-content\/uploads\/2023\/06\/1080-laranja.webp\",\"datePublished\":\"2023-06-09T10:56:00+00:00\",\"dateModified\":\"2023-07-28T16:50:06+00:00\",\"description\":\"Made with a selection of oranges and orange peel.100% natural. Very aromatic and sweet-tangy flavour. Orange marmalade 250g\",\"breadcrumb\":{\"@id\":\"https:\/\/fabricastoantonio.com\/en\/produtos-fsa\/orange-jam-250g\/#breadcrumb\"},\"inLanguage\":\"en-US\",\"potentialAction\":[{\"@type\":\"ReadAction\",\"target\":[\"https:\/\/fabricastoantonio.com\/en\/produtos-fsa\/orange-jam-250g\/\"]}]},{\"@type\":\"ImageObject\",\"inLanguage\":\"en-US\",\"@id\":\"https:\/\/fabricastoantonio.com\/en\/produtos-fsa\/orange-jam-250g\/#primaryimage\",\"url\":\"https:\/\/fabricastoantonio.com\/wp-site\/wp-content\/uploads\/2023\/06\/1080-laranja.webp\",\"contentUrl\":\"https:\/\/fabricastoantonio.com\/wp-site\/wp-content\/uploads\/2023\/06\/1080-laranja.webp\",\"width\":1080,\"height\":1080,\"caption\":\"Doce de Laranja\"},{\"@type\":\"BreadcrumbList\",\"@id\":\"https:\/\/fabricastoantonio.com\/en\/produtos-fsa\/orange-jam-250g\/#breadcrumb\",\"itemListElement\":[{\"@type\":\"ListItem\",\"position\":1,\"name\":\"In\u00edcio\",\"item\":\"https:\/\/fabricastoantonio.com\/en\/\"},{\"@type\":\"ListItem\",\"position\":2,\"name\":\"Produtos\",\"item\":\"https:\/\/fabricastoantonio.com\/en\/produtos-fsa\/\"},{\"@type\":\"ListItem\",\"position\":3,\"name\":\"Orange marmalade 250g\"}]},{\"@type\":\"WebSite\",\"@id\":\"https:\/\/fabricastoantonio.com\/en\/#website\",\"url\":\"https:\/\/fabricastoantonio.com\/en\/\",\"name\":\"F\u00e1brica Santo Ant\u00f3nio - Manufatura Madeirense Est. 1893\",\"description\":\"Do\u00e7aria tradicional  Madeirense: Bolo de Mel de Cana, Broas e Biscoitos, Compotas de Fruta, Rebu\u00e7ados Tradicionais.\",\"publisher\":{\"@id\":\"https:\/\/fabricastoantonio.com\/en\/#organization\"},\"potentialAction\":[{\"@type\":\"SearchAction\",\"target\":{\"@type\":\"EntryPoint\",\"urlTemplate\":\"https:\/\/fabricastoantonio.com\/en\/?s={search_term_string}\"},\"query-input\":{\"@type\":\"PropertyValueSpecification\",\"valueRequired\":true,\"valueName\":\"search_term_string\"}}],\"inLanguage\":\"en-US\"},{\"@type\":\"Organization\",\"@id\":\"https:\/\/fabricastoantonio.com\/en\/#organization\",\"name\":\"F\u00e1brica Santo Ant\u00f3nio\",\"url\":\"https:\/\/fabricastoantonio.com\/en\/\",\"logo\":{\"@type\":\"ImageObject\",\"inLanguage\":\"en-US\",\"@id\":\"https:\/\/fabricastoantonio.com\/en\/#\/schema\/logo\/image\/\",\"url\":\"https:\/\/fabricastoantonio.com\/wp-site\/wp-content\/uploads\/2022\/01\/logo-fsa-complete-version.png\",\"contentUrl\":\"https:\/\/fabricastoantonio.com\/wp-site\/wp-content\/uploads\/2022\/01\/logo-fsa-complete-version.png\",\"width\":700,\"height\":379,\"caption\":\"F\u00e1brica Santo Ant\u00f3nio\"},\"image\":{\"@id\":\"https:\/\/fabricastoantonio.com\/en\/#\/schema\/logo\/image\/\"},\"sameAs\":[\"https:\/\/www.facebook.com\/fabricasto.antonio\",\"https:\/\/www.instagram.com\/fabrica.sto.antonio\/\"]}]}<\/script>\n<!-- \/ Yoast SEO plugin. -->","yoast_head_json":{"title":"Orange marmalade 250g - F\u00e1brica Santo Ant\u00f3nio - Manufatura Madeirense Est. 1893","description":"Made with a selection of oranges and orange peel.100% natural. Very aromatic and sweet-tangy flavour. Orange marmalade 250g","robots":{"index":"index","follow":"follow","max-snippet":"max-snippet:-1","max-image-preview":"max-image-preview:large","max-video-preview":"max-video-preview:-1"},"canonical":"https:\/\/fabricastoantonio.com\/en\/produtos-fsa\/orange-jam-250g\/","twitter_card":"summary_large_image","twitter_title":"Orange marmalade 250g - F\u00e1brica Santo Ant\u00f3nio - Manufatura Madeirense Est. 1893","twitter_description":"Made with a selection of oranges and orange peel.100% natural. Very aromatic and sweet-tangy flavour. Orange marmalade 250g","twitter_image":"https:\/\/fabricastoantonio.com\/wp-site\/wp-content\/uploads\/2023\/06\/1080-laranja.webp","twitter_misc":{"Est. reading time":"1 minute"},"schema":{"@context":"https:\/\/schema.org","@graph":[{"@type":"WebPage","@id":"https:\/\/fabricastoantonio.com\/en\/produtos-fsa\/orange-jam-250g\/","url":"https:\/\/fabricastoantonio.com\/en\/produtos-fsa\/orange-jam-250g\/","name":"Orange marmalade 250g - F\u00e1brica Santo Ant\u00f3nio - Manufatura Madeirense Est. 1893","isPartOf":{"@id":"https:\/\/fabricastoantonio.com\/en\/#website"},"primaryImageOfPage":{"@id":"https:\/\/fabricastoantonio.com\/en\/produtos-fsa\/orange-jam-250g\/#primaryimage"},"image":{"@id":"https:\/\/fabricastoantonio.com\/en\/produtos-fsa\/orange-jam-250g\/#primaryimage"},"thumbnailUrl":"https:\/\/fabricastoantonio.com\/wp-site\/wp-content\/uploads\/2023\/06\/1080-laranja.webp","datePublished":"2023-06-09T10:56:00+00:00","dateModified":"2023-07-28T16:50:06+00:00","description":"Made with a selection of oranges and orange peel.100% natural. Very aromatic and sweet-tangy flavour. Orange marmalade 250g","breadcrumb":{"@id":"https:\/\/fabricastoantonio.com\/en\/produtos-fsa\/orange-jam-250g\/#breadcrumb"},"inLanguage":"en-US","potentialAction":[{"@type":"ReadAction","target":["https:\/\/fabricastoantonio.com\/en\/produtos-fsa\/orange-jam-250g\/"]}]},{"@type":"ImageObject","inLanguage":"en-US","@id":"https:\/\/fabricastoantonio.com\/en\/produtos-fsa\/orange-jam-250g\/#primaryimage","url":"https:\/\/fabricastoantonio.com\/wp-site\/wp-content\/uploads\/2023\/06\/1080-laranja.webp","contentUrl":"https:\/\/fabricastoantonio.com\/wp-site\/wp-content\/uploads\/2023\/06\/1080-laranja.webp","width":1080,"height":1080,"caption":"Doce de Laranja"},{"@type":"BreadcrumbList","@id":"https:\/\/fabricastoantonio.com\/en\/produtos-fsa\/orange-jam-250g\/#breadcrumb","itemListElement":[{"@type":"ListItem","position":1,"name":"In\u00edcio","item":"https:\/\/fabricastoantonio.com\/en\/"},{"@type":"ListItem","position":2,"name":"Produtos","item":"https:\/\/fabricastoantonio.com\/en\/produtos-fsa\/"},{"@type":"ListItem","position":3,"name":"Orange marmalade 250g"}]},{"@type":"WebSite","@id":"https:\/\/fabricastoantonio.com\/en\/#website","url":"https:\/\/fabricastoantonio.com\/en\/","name":"F\u00e1brica Santo Ant\u00f3nio - Manufatura Madeirense Est. 1893","description":"Do\u00e7aria tradicional  Madeirense: Bolo de Mel de Cana, Broas e Biscoitos, Compotas de Fruta, Rebu\u00e7ados Tradicionais.","publisher":{"@id":"https:\/\/fabricastoantonio.com\/en\/#organization"},"potentialAction":[{"@type":"SearchAction","target":{"@type":"EntryPoint","urlTemplate":"https:\/\/fabricastoantonio.com\/en\/?s={search_term_string}"},"query-input":{"@type":"PropertyValueSpecification","valueRequired":true,"valueName":"search_term_string"}}],"inLanguage":"en-US"},{"@type":"Organization","@id":"https:\/\/fabricastoantonio.com\/en\/#organization","name":"F\u00e1brica Santo Ant\u00f3nio","url":"https:\/\/fabricastoantonio.com\/en\/","logo":{"@type":"ImageObject","inLanguage":"en-US","@id":"https:\/\/fabricastoantonio.com\/en\/#\/schema\/logo\/image\/","url":"https:\/\/fabricastoantonio.com\/wp-site\/wp-content\/uploads\/2022\/01\/logo-fsa-complete-version.png","contentUrl":"https:\/\/fabricastoantonio.com\/wp-site\/wp-content\/uploads\/2022\/01\/logo-fsa-complete-version.png","width":700,"height":379,"caption":"F\u00e1brica Santo Ant\u00f3nio"},"image":{"@id":"https:\/\/fabricastoantonio.com\/en\/#\/schema\/logo\/image\/"},"sameAs":["https:\/\/www.facebook.com\/fabricasto.antonio","https:\/\/www.instagram.com\/fabrica.sto.antonio\/"]}]}},"_links":{"self":[{"href":"https:\/\/fabricastoantonio.com\/en\/wp-json\/wp\/v2\/product\/1253","targetHints":{"allow":["GET"]}}],"collection":[{"href":"https:\/\/fabricastoantonio.com\/en\/wp-json\/wp\/v2\/product"}],"about":[{"href":"https:\/\/fabricastoantonio.com\/en\/wp-json\/wp\/v2\/types\/product"}],"replies":[{"embeddable":true,"href":"https:\/\/fabricastoantonio.com\/en\/wp-json\/wp\/v2\/comments?post=1253"}],"version-history":[{"count":0,"href":"https:\/\/fabricastoantonio.com\/en\/wp-json\/wp\/v2\/product\/1253\/revisions"}],"wp:featuredmedia":[{"embeddable":true,"href":"https:\/\/fabricastoantonio.com\/en\/wp-json\/wp\/v2\/media\/1064"}],"wp:attachment":[{"href":"https:\/\/fabricastoantonio.com\/en\/wp-json\/wp\/v2\/media?parent=1253"}],"wp:term":[{"taxonomy":"product_brand","embeddable":true,"href":"https:\/\/fabricastoantonio.com\/en\/wp-json\/wp\/v2\/product_brand?post=1253"},{"taxonomy":"product_cat","embeddable":true,"href":"https:\/\/fabricastoantonio.com\/en\/wp-json\/wp\/v2\/product_cat?post=1253"},{"taxonomy":"product_tag","embeddable":true,"href":"https:\/\/fabricastoantonio.com\/en\/wp-json\/wp\/v2\/product_tag?post=1253"}],"curies":[{"name":"wp","href":"https:\/\/api.w.org\/{rel}","templated":true}]}}