{"id":765,"date":"2023-02-01T17:02:26","date_gmt":"2023-02-01T17:02:26","guid":{"rendered":"https:\/\/fabricastoantonio.com\/sobre-nos\/online-store\/"},"modified":"2023-02-01T17:54:17","modified_gmt":"2023-02-01T17:54:17","slug":"factory-shop","status":"publish","type":"page","link":"https:\/\/fabricastoantonio.com\/en\/about-us\/factory-shop\/","title":{"rendered":"Factory shop"},"content":{"rendered":"","protected":false},"excerpt":{"rendered":"","protected":false},"author":1,"featured_media":0,"parent":754,"menu_order":0,"comment_status":"closed","ping_status":"closed","template":"page-inner-pages.php","meta":{"footnotes":""},"class_list":["post-765","page","type-page","status-publish","hentry"],"yoast_head":"<!-- This site is optimized with the Yoast SEO plugin v26.8 - https:\/\/yoast.com\/product\/yoast-seo-wordpress\/ -->\n<title>Factory shop - F\u00e1brica Santo Ant\u00f3nio - Manufatura Madeirense Est. 1893<\/title>\n<meta name=\"robots\" content=\"index, follow, max-snippet:-1, max-image-preview:large, max-video-preview:-1\" \/>\n<link rel=\"canonical\" href=\"https:\/\/fabricastoantonio.com\/en\/about-us\/factory-shop\/\" \/>\n<meta name=\"twitter:card\" content=\"summary_large_image\" \/>\n<meta name=\"twitter:title\" content=\"Factory shop - F\u00e1brica Santo Ant\u00f3nio - Manufatura Madeirense Est. 1893\" \/>\n<script type=\"application\/ld+json\" class=\"yoast-schema-graph\">{\"@context\":\"https:\/\/schema.org\",\"@graph\":[{\"@type\":\"WebPage\",\"@id\":\"https:\/\/fabricastoantonio.com\/en\/about-us\/factory-shop\/\",\"url\":\"https:\/\/fabricastoantonio.com\/en\/about-us\/factory-shop\/\",\"name\":\"Factory shop - F\u00e1brica Santo Ant\u00f3nio - Manufatura Madeirense Est. 1893\",\"isPartOf\":{\"@id\":\"https:\/\/fabricastoantonio.com\/en\/#website\"},\"datePublished\":\"2023-02-01T17:02:26+00:00\",\"dateModified\":\"2023-02-01T17:54:17+00:00\",\"breadcrumb\":{\"@id\":\"https:\/\/fabricastoantonio.com\/en\/about-us\/factory-shop\/#breadcrumb\"},\"inLanguage\":\"en-US\",\"potentialAction\":[{\"@type\":\"ReadAction\",\"target\":[\"https:\/\/fabricastoantonio.com\/en\/about-us\/factory-shop\/\"]}]},{\"@type\":\"BreadcrumbList\",\"@id\":\"https:\/\/fabricastoantonio.com\/en\/about-us\/factory-shop\/#breadcrumb\",\"itemListElement\":[{\"@type\":\"ListItem\",\"position\":1,\"name\":\"In\u00edcio\",\"item\":\"https:\/\/fabricastoantonio.com\/en\/\"},{\"@type\":\"ListItem\",\"position\":2,\"name\":\"About us\",\"item\":\"https:\/\/fabricastoantonio.com\/en\/about-us\/\"},{\"@type\":\"ListItem\",\"position\":3,\"name\":\"Factory shop\"}]},{\"@type\":\"WebSite\",\"@id\":\"https:\/\/fabricastoantonio.com\/en\/#website\",\"url\":\"https:\/\/fabricastoantonio.com\/en\/\",\"name\":\"F\u00e1brica Santo Ant\u00f3nio - Manufatura Madeirense Est. 1893\",\"description\":\"Do\u00e7aria tradicional  Madeirense: Bolo de Mel de Cana, Broas e Biscoitos, Compotas de Fruta, Rebu\u00e7ados Tradicionais.\",\"publisher\":{\"@id\":\"https:\/\/fabricastoantonio.com\/en\/#organization\"},\"potentialAction\":[{\"@type\":\"SearchAction\",\"target\":{\"@type\":\"EntryPoint\",\"urlTemplate\":\"https:\/\/fabricastoantonio.com\/en\/?s={search_term_string}\"},\"query-input\":{\"@type\":\"PropertyValueSpecification\",\"valueRequired\":true,\"valueName\":\"search_term_string\"}}],\"inLanguage\":\"en-US\"},{\"@type\":\"Organization\",\"@id\":\"https:\/\/fabricastoantonio.com\/en\/#organization\",\"name\":\"F\u00e1brica Santo Ant\u00f3nio\",\"url\":\"https:\/\/fabricastoantonio.com\/en\/\",\"logo\":{\"@type\":\"ImageObject\",\"inLanguage\":\"en-US\",\"@id\":\"https:\/\/fabricastoantonio.com\/en\/#\/schema\/logo\/image\/\",\"url\":\"https:\/\/fabricastoantonio.com\/wp-site\/wp-content\/uploads\/2022\/01\/logo-fsa-complete-version.png\",\"contentUrl\":\"https:\/\/fabricastoantonio.com\/wp-site\/wp-content\/uploads\/2022\/01\/logo-fsa-complete-version.png\",\"width\":700,\"height\":379,\"caption\":\"F\u00e1brica Santo Ant\u00f3nio\"},\"image\":{\"@id\":\"https:\/\/fabricastoantonio.com\/en\/#\/schema\/logo\/image\/\"},\"sameAs\":[\"https:\/\/www.facebook.com\/fabricasto.antonio\",\"https:\/\/www.instagram.com\/fabrica.sto.antonio\/\"]}]}<\/script>\n<!-- \/ Yoast SEO plugin. -->","yoast_head_json":{"title":"Factory shop - F\u00e1brica Santo Ant\u00f3nio - Manufatura Madeirense Est. 1893","robots":{"index":"index","follow":"follow","max-snippet":"max-snippet:-1","max-image-preview":"max-image-preview:large","max-video-preview":"max-video-preview:-1"},"canonical":"https:\/\/fabricastoantonio.com\/en\/about-us\/factory-shop\/","twitter_card":"summary_large_image","twitter_title":"Factory shop - F\u00e1brica Santo Ant\u00f3nio - Manufatura Madeirense Est. 1893","schema":{"@context":"https:\/\/schema.org","@graph":[{"@type":"WebPage","@id":"https:\/\/fabricastoantonio.com\/en\/about-us\/factory-shop\/","url":"https:\/\/fabricastoantonio.com\/en\/about-us\/factory-shop\/","name":"Factory shop - F\u00e1brica Santo Ant\u00f3nio - Manufatura Madeirense Est. 1893","isPartOf":{"@id":"https:\/\/fabricastoantonio.com\/en\/#website"},"datePublished":"2023-02-01T17:02:26+00:00","dateModified":"2023-02-01T17:54:17+00:00","breadcrumb":{"@id":"https:\/\/fabricastoantonio.com\/en\/about-us\/factory-shop\/#breadcrumb"},"inLanguage":"en-US","potentialAction":[{"@type":"ReadAction","target":["https:\/\/fabricastoantonio.com\/en\/about-us\/factory-shop\/"]}]},{"@type":"BreadcrumbList","@id":"https:\/\/fabricastoantonio.com\/en\/about-us\/factory-shop\/#breadcrumb","itemListElement":[{"@type":"ListItem","position":1,"name":"In\u00edcio","item":"https:\/\/fabricastoantonio.com\/en\/"},{"@type":"ListItem","position":2,"name":"About us","item":"https:\/\/fabricastoantonio.com\/en\/about-us\/"},{"@type":"ListItem","position":3,"name":"Factory shop"}]},{"@type":"WebSite","@id":"https:\/\/fabricastoantonio.com\/en\/#website","url":"https:\/\/fabricastoantonio.com\/en\/","name":"F\u00e1brica Santo Ant\u00f3nio - Manufatura Madeirense Est. 1893","description":"Do\u00e7aria tradicional  Madeirense: Bolo de Mel de Cana, Broas e Biscoitos, Compotas de Fruta, Rebu\u00e7ados Tradicionais.","publisher":{"@id":"https:\/\/fabricastoantonio.com\/en\/#organization"},"potentialAction":[{"@type":"SearchAction","target":{"@type":"EntryPoint","urlTemplate":"https:\/\/fabricastoantonio.com\/en\/?s={search_term_string}"},"query-input":{"@type":"PropertyValueSpecification","valueRequired":true,"valueName":"search_term_string"}}],"inLanguage":"en-US"},{"@type":"Organization","@id":"https:\/\/fabricastoantonio.com\/en\/#organization","name":"F\u00e1brica Santo Ant\u00f3nio","url":"https:\/\/fabricastoantonio.com\/en\/","logo":{"@type":"ImageObject","inLanguage":"en-US","@id":"https:\/\/fabricastoantonio.com\/en\/#\/schema\/logo\/image\/","url":"https:\/\/fabricastoantonio.com\/wp-site\/wp-content\/uploads\/2022\/01\/logo-fsa-complete-version.png","contentUrl":"https:\/\/fabricastoantonio.com\/wp-site\/wp-content\/uploads\/2022\/01\/logo-fsa-complete-version.png","width":700,"height":379,"caption":"F\u00e1brica Santo Ant\u00f3nio"},"image":{"@id":"https:\/\/fabricastoantonio.com\/en\/#\/schema\/logo\/image\/"},"sameAs":["https:\/\/www.facebook.com\/fabricasto.antonio","https:\/\/www.instagram.com\/fabrica.sto.antonio\/"]}]}},"_links":{"self":[{"href":"https:\/\/fabricastoantonio.com\/en\/wp-json\/wp\/v2\/pages\/765","targetHints":{"allow":["GET"]}}],"collection":[{"href":"https:\/\/fabricastoantonio.com\/en\/wp-json\/wp\/v2\/pages"}],"about":[{"href":"https:\/\/fabricastoantonio.com\/en\/wp-json\/wp\/v2\/types\/page"}],"author":[{"embeddable":true,"href":"https:\/\/fabricastoantonio.com\/en\/wp-json\/wp\/v2\/users\/1"}],"replies":[{"embeddable":true,"href":"https:\/\/fabricastoantonio.com\/en\/wp-json\/wp\/v2\/comments?post=765"}],"version-history":[{"count":0,"href":"https:\/\/fabricastoantonio.com\/en\/wp-json\/wp\/v2\/pages\/765\/revisions"}],"up":[{"embeddable":true,"href":"https:\/\/fabricastoantonio.com\/en\/wp-json\/wp\/v2\/pages\/754"}],"wp:attachment":[{"href":"https:\/\/fabricastoantonio.com\/en\/wp-json\/wp\/v2\/media?parent=765"}],"curies":[{"name":"wp","href":"https:\/\/api.w.org\/{rel}","templated":true}]}}